{"id":404,"date":"2023-07-04T18:37:54","date_gmt":"2023-07-04T16:37:54","guid":{"rendered":"https:\/\/www.labe-hotel.com\/?page_id=404"},"modified":"2023-07-13T14:31:10","modified_gmt":"2023-07-13T12:31:10","slug":"la-cathedrale-saint-gatien-cathedrale-de-tours","status":"publish","type":"page","link":"https:\/\/www.labe-hotel.com\/en\/tourisme-visiter-tours\/la-cathedrale-saint-gatien-cathedrale-de-tours\/","title":{"rendered":"Saint-Gatien Cathedral"},"content":{"rendered":"<div data-elementor-type=\"wp-page\" data-elementor-id=\"404\" class=\"elementor elementor-404\" data-elementor-post-type=\"page\">\n\t\t\t\t<div class=\"elementor-element elementor-element-9cb7d34 e-con-full e-flex e-con e-parent\" data-id=\"9cb7d34\" data-element_type=\"container\" data-e-type=\"container\">\n\t\t\t\t<div class=\"elementor-element elementor-element-9cf889e elementor--h-position-center elementor--v-position-middle elementor-widget elementor-widget-slides\" data-id=\"9cf889e\" data-element_type=\"widget\" data-e-type=\"widget\" data-settings=\"{&quot;navigation&quot;:&quot;none&quot;,&quot;autoplay&quot;:&quot;yes&quot;,&quot;pause_on_hover&quot;:&quot;yes&quot;,&quot;pause_on_interaction&quot;:&quot;yes&quot;,&quot;autoplay_speed&quot;:5000,&quot;infinite&quot;:&quot;yes&quot;,&quot;transition&quot;:&quot;slide&quot;,&quot;transition_speed&quot;:500}\" data-widget_type=\"slides.default\">\n\t\t\t\t<div class=\"elementor-widget-container\">\n\t\t\t\t\t\t\t\t\t<div class=\"elementor-swiper\">\n\t\t\t\t\t<div class=\"elementor-slides-wrapper elementor-main-swiper swiper\" role=\"region\" aria-roledescription=\"carousel\" aria-label=\"Slides\" dir=\"ltr\" data-animation=\"fadeInUp\">\n\t\t\t\t<div class=\"swiper-wrapper elementor-slides\">\n\t\t\t\t\t\t\t\t\t\t<div class=\"elementor-repeater-item-83e9f1a swiper-slide\" role=\"group\" aria-roledescription=\"slide\"><div class=\"swiper-slide-bg\" role=\"img\" aria-label=\"Interior of the Cathedral of Saint Gatien of Tours, Tours, Indre-et-Loire, France\"><\/div><div class=\"elementor-background-overlay\"><\/div><div class=\"swiper-slide-inner\" ><div class=\"swiper-slide-contents\"><\/div><\/div><\/div>\t\t\t\t<\/div>\n\t\t\t\t\t\t\t<\/div>\n\t\t\t\t<\/div>\n\t\t\t\t\t\t\t\t<\/div>\n\t\t\t\t<\/div>\n\t\t<div class=\"elementor-element elementor-element-3dde827 e-flex e-con-boxed e-con e-parent\" data-id=\"3dde827\" data-element_type=\"container\" data-e-type=\"container\" data-settings=\"{&quot;position&quot;:&quot;absolute&quot;}\">\n\t\t\t\t\t<div class=\"e-con-inner\">\n\t\t\t\t<div class=\"elementor-element elementor-element-27216b0 elementor-widget elementor-widget-heading\" data-id=\"27216b0\" data-element_type=\"widget\" data-e-type=\"widget\" data-widget_type=\"heading.default\">\n\t\t\t\t<div class=\"elementor-widget-container\">\n\t\t\t\t\t<h1 class=\"elementor-heading-title elementor-size-default\">THE cathedral<br \/>Saint Gatien<\/h1>\t\t\t\t<\/div>\n\t\t\t\t<\/div>\n\t\t\t\t<div class=\"elementor-element elementor-element-e49da1f elementor-widget-mobile__width-initial btn-maillage btn-fondrouge75 elementor-align-center elementor-widget__width-initial elementor-widget elementor-widget-button\" data-id=\"e49da1f\" data-element_type=\"widget\" data-e-type=\"widget\" data-widget_type=\"button.default\">\n\t\t\t\t<div class=\"elementor-widget-container\">\n\t\t\t\t\t\t\t\t\t<div class=\"elementor-button-wrapper\">\n\t\t\t\t\t<a class=\"elementor-button elementor-button-link elementor-size-sm\" href=\"#ecran2\">\n\t\t\t\t\t\t<span class=\"elementor-button-content-wrapper\">\n\t\t\t\t\t\t\t\t\t<span class=\"elementor-button-text\">Discover more<\/span>\n\t\t\t\t\t<\/span>\n\t\t\t\t\t<\/a>\n\t\t\t\t<\/div>\n\t\t\t\t\t\t\t\t<\/div>\n\t\t\t\t<\/div>\n\t\t\t\t\t<\/div>\n\t\t\t\t<\/div>\n\t\t\t\t<\/div>\n\t\t<section class=\"elementor-element elementor-element-8f8c00c e-con-full e-flex e-con e-parent\" data-id=\"8f8c00c\" data-element_type=\"container\" data-e-type=\"container\" id=\"ecran2\" data-settings=\"{&quot;background_background&quot;:&quot;classic&quot;}\">\n\t\t<article class=\"elementor-element elementor-element-b2b2c79 e-flex e-con-boxed e-con e-parent\" data-id=\"b2b2c79\" data-element_type=\"container\" data-e-type=\"container\" data-settings=\"{&quot;background_background&quot;:&quot;classic&quot;}\">\n\t\t\t\t\t<div class=\"e-con-inner\">\n\t\t\t\t<div class=\"elementor-element elementor-element-83028c9 elementor-widget elementor-widget-image\" data-id=\"83028c9\" data-element_type=\"widget\" data-e-type=\"widget\" data-widget_type=\"image.default\">\n\t\t\t\t<div class=\"elementor-widget-container\">\n\t\t\t\t\t\t\t\t\t\t\t\t\t\t\t<img decoding=\"async\" src=\"https:\/\/www.labe-hotel.com\/wp-content\/uploads\/elementor\/thumbs\/iStock-187864108-rg8kybk8yqpl1mcsyf0c6sv2e3oly56fq49vou3tm4.jpg\" title=\"Gothic cathedral of Saint Gatien in Tours\" alt=\"Gothic cathedral of Saint Gatien in Tours, Loire Valley France\" loading=\"lazy\" \/>\t\t\t\t\t\t\t\t\t\t\t\t\t\t\t<\/div>\n\t\t\t\t<\/div>\n\t\t<div class=\"elementor-element elementor-element-3b5d29c e-con-full e-flex e-con e-parent\" data-id=\"3b5d29c\" data-element_type=\"container\" data-e-type=\"container\" data-settings=\"{&quot;background_background&quot;:&quot;classic&quot;}\">\n\t\t\t\t<div class=\"elementor-element elementor-element-2c35c15 elementor-widget elementor-widget-heading\" data-id=\"2c35c15\" data-element_type=\"widget\" data-e-type=\"widget\" data-widget_type=\"heading.default\">\n\t\t\t\t<div class=\"elementor-widget-container\">\n\t\t\t\t\t<h2 class=\"elementor-heading-title elementor-size-default\">Tours Cathedral<\/h2>\t\t\t\t<\/div>\n\t\t\t\t<\/div>\n\t\t\t\t<div class=\"elementor-element elementor-element-4251735 elementor-widget elementor-widget-text-editor\" data-id=\"4251735\" data-element_type=\"widget\" data-e-type=\"widget\" data-widget_type=\"text-editor.default\">\n\t\t\t\t<div class=\"elementor-widget-container\">\n\t\t\t\t\t\t\t\t\t<p>More than 10 centuries of history can be discovered at the heart of this cathedral, which took several centuries to complete. A majestic cathedral with a collection of stained glass windows that are revealed every hour of the day.<\/p><p>\u00a0<\/p><p>Tours cathedral bears witness to over a thousand years of history in the city. Built in 1170, it was listed as a historic monument in 1862. It sits proudly in the middle of the city, and today stands as a strong marker of Tours' glorious past.<\/p><p>\u00a0<\/p><p>It was placed under the protection of the kings of France at a very early date. It's well worth a visit, with its collection of majestic stained glass windows, impressive and sumptuous nave and facades full of details that inspire respect and speak volumes about the centuries of work that went into building this edifice.<\/p>\t\t\t\t\t\t\t\t<\/div>\n\t\t\t\t<\/div>\n\t\t\t\t<\/div>\n\t\t\t\t\t<\/div>\n\t\t\t\t<\/article>\n\t\t\t\t<\/section>\n\t\t<section class=\"elementor-element elementor-element-6a89b2f section-maillage e-flex e-con-boxed e-con e-parent\" data-id=\"6a89b2f\" data-element_type=\"container\" data-e-type=\"container\" data-settings=\"{&quot;background_background&quot;:&quot;classic&quot;}\">\n\t\t\t\t\t<div class=\"e-con-inner\">\n\t\t\t\t<div class=\"elementor-element elementor-element-e345fc8 elementor-widget elementor-widget-heading\" data-id=\"e345fc8\" data-element_type=\"widget\" data-e-type=\"widget\" data-widget_type=\"heading.default\">\n\t\t\t\t<div class=\"elementor-widget-container\">\n\t\t\t\t\t<h2 class=\"elementor-heading-title elementor-size-default\">Find out more<\/h2>\t\t\t\t<\/div>\n\t\t\t\t<\/div>\n\t\t<div class=\"elementor-element elementor-element-42bf3b9 e-con-full col-maillage col-hover-3 e-flex e-con e-parent\" data-id=\"42bf3b9\" data-element_type=\"container\" data-e-type=\"container\" data-settings=\"{&quot;background_background&quot;:&quot;classic&quot;}\">\n\t\t\t\t<div class=\"elementor-element elementor-element-e7f6428 title-maillage elementor-widget elementor-widget-heading\" data-id=\"e7f6428\" data-element_type=\"widget\" data-e-type=\"widget\" data-widget_type=\"heading.default\">\n\t\t\t\t<div class=\"elementor-widget-container\">\n\t\t\t\t\t<h3 class=\"elementor-heading-title elementor-size-default\">BAsilique saint-Martin<\/h3>\t\t\t\t<\/div>\n\t\t\t\t<\/div>\n\t\t\t\t<div class=\"elementor-element elementor-element-98b5667 elementor-widget-mobile__width-initial btn-maillage elementor-align-center elementor-widget__width-initial elementor-widget elementor-widget-button\" data-id=\"98b5667\" data-element_type=\"widget\" data-e-type=\"widget\" data-widget_type=\"button.default\">\n\t\t\t\t<div class=\"elementor-widget-container\">\n\t\t\t\t\t\t\t\t\t<div class=\"elementor-button-wrapper\">\n\t\t\t\t\t<a class=\"elementor-button elementor-button-link elementor-size-sm\" href=\"https:\/\/www.labe-hotel.com\/en\/tourisme-visiter-tours\/les-chateaux-de-la-loire\/\">\n\t\t\t\t\t\t<span class=\"elementor-button-content-wrapper\">\n\t\t\t\t\t\t\t\t\t<span class=\"elementor-button-text\">Discover more<\/span>\n\t\t\t\t\t<\/span>\n\t\t\t\t\t<\/a>\n\t\t\t\t<\/div>\n\t\t\t\t\t\t\t\t<\/div>\n\t\t\t\t<\/div>\n\t\t\t\t<\/div>\n\t\t<div class=\"elementor-element elementor-element-14172f2 e-con-full col-maillage col-hover-5 e-flex e-con e-parent\" data-id=\"14172f2\" data-element_type=\"container\" data-e-type=\"container\" data-settings=\"{&quot;background_background&quot;:&quot;classic&quot;}\">\n\t\t\t\t<div class=\"elementor-element elementor-element-f6ff2f0 title-maillage elementor-widget elementor-widget-heading\" data-id=\"f6ff2f0\" data-element_type=\"widget\" data-e-type=\"widget\" data-widget_type=\"heading.default\">\n\t\t\t\t<div class=\"elementor-widget-container\">\n\t\t\t\t\t<h3 class=\"elementor-heading-title elementor-size-default\">The old towers<\/h3>\t\t\t\t<\/div>\n\t\t\t\t<\/div>\n\t\t\t\t<div class=\"elementor-element elementor-element-95006ee elementor-widget-mobile__width-initial btn-maillage elementor-align-center elementor-widget__width-initial elementor-widget elementor-widget-button\" data-id=\"95006ee\" data-element_type=\"widget\" data-e-type=\"widget\" data-widget_type=\"button.default\">\n\t\t\t\t<div class=\"elementor-widget-container\">\n\t\t\t\t\t\t\t\t\t<div class=\"elementor-button-wrapper\">\n\t\t\t\t\t<a class=\"elementor-button elementor-button-link elementor-size-sm\" href=\"https:\/\/www.labe-hotel.com\/en\/tourisme-visiter-tours\/le-quartier-historique-du-vieux-tours\/\">\n\t\t\t\t\t\t<span class=\"elementor-button-content-wrapper\">\n\t\t\t\t\t\t\t\t\t<span class=\"elementor-button-text\">Discover more<\/span>\n\t\t\t\t\t<\/span>\n\t\t\t\t\t<\/a>\n\t\t\t\t<\/div>\n\t\t\t\t\t\t\t\t<\/div>\n\t\t\t\t<\/div>\n\t\t\t\t<\/div>\n\t\t<div class=\"elementor-element elementor-element-ec23732 e-con-full col-maillage col-hover-2 e-flex e-con e-parent\" data-id=\"ec23732\" data-element_type=\"container\" data-e-type=\"container\" data-settings=\"{&quot;background_background&quot;:&quot;classic&quot;}\">\n\t\t\t\t<div class=\"elementor-element elementor-element-a1feafa title-maillage elementor-widget elementor-widget-heading\" data-id=\"a1feafa\" data-element_type=\"widget\" data-e-type=\"widget\" data-widget_type=\"heading.default\">\n\t\t\t\t<div class=\"elementor-widget-container\">\n\t\t\t\t\t<h3 class=\"elementor-heading-title elementor-size-default\">The Palais des Congr\u00e8s<\/h3>\t\t\t\t<\/div>\n\t\t\t\t<\/div>\n\t\t\t\t<div class=\"elementor-element elementor-element-a8e915c elementor-widget-mobile__width-initial btn-maillage elementor-align-center elementor-widget__width-initial elementor-widget elementor-widget-button\" data-id=\"a8e915c\" data-element_type=\"widget\" data-e-type=\"widget\" data-widget_type=\"button.default\">\n\t\t\t\t<div class=\"elementor-widget-container\">\n\t\t\t\t\t\t\t\t\t<div class=\"elementor-button-wrapper\">\n\t\t\t\t\t<a class=\"elementor-button elementor-button-link elementor-size-sm\" href=\"https:\/\/www.labe-hotel.com\/en\/tourisme-visiter-tours\/palais-des-congres-vinci-palais-des-congres-tours\/\">\n\t\t\t\t\t\t<span class=\"elementor-button-content-wrapper\">\n\t\t\t\t\t\t\t\t\t<span class=\"elementor-button-text\">Discover more<\/span>\n\t\t\t\t\t<\/span>\n\t\t\t\t\t<\/a>\n\t\t\t\t<\/div>\n\t\t\t\t\t\t\t\t<\/div>\n\t\t\t\t<\/div>\n\t\t\t\t<\/div>\n\t\t<div class=\"elementor-element elementor-element-923852a e-con-full col-maillage col-hover-1 e-flex e-con e-parent\" data-id=\"923852a\" data-element_type=\"container\" data-e-type=\"container\" data-settings=\"{&quot;background_background&quot;:&quot;classic&quot;}\">\n\t\t\t\t<div class=\"elementor-element elementor-element-41e540c title-maillage elementor-widget elementor-widget-heading\" data-id=\"41e540c\" data-element_type=\"widget\" data-e-type=\"widget\" data-widget_type=\"heading.default\">\n\t\t\t\t<div class=\"elementor-widget-container\">\n\t\t\t\t\t<h3 class=\"elementor-heading-title elementor-size-default\">The exhibition centre<\/h3>\t\t\t\t<\/div>\n\t\t\t\t<\/div>\n\t\t\t\t<div class=\"elementor-element elementor-element-e1ec366 elementor-widget-mobile__width-initial btn-maillage elementor-align-center elementor-widget__width-initial elementor-widget elementor-widget-button\" data-id=\"e1ec366\" data-element_type=\"widget\" data-e-type=\"widget\" data-widget_type=\"button.default\">\n\t\t\t\t<div class=\"elementor-widget-container\">\n\t\t\t\t\t\t\t\t\t<div class=\"elementor-button-wrapper\">\n\t\t\t\t\t<a class=\"elementor-button elementor-button-link elementor-size-sm\" href=\"https:\/\/www.labe-hotel.com\/en\/tourisme-visiter-tours\/parc-des-expositions-tours\/\">\n\t\t\t\t\t\t<span class=\"elementor-button-content-wrapper\">\n\t\t\t\t\t\t\t\t\t<span class=\"elementor-button-text\">Discover more<\/span>\n\t\t\t\t\t<\/span>\n\t\t\t\t\t<\/a>\n\t\t\t\t<\/div>\n\t\t\t\t\t\t\t\t<\/div>\n\t\t\t\t<\/div>\n\t\t\t\t<\/div>\n\t\t\t\t\t<\/div>\n\t\t\t\t<\/section>\n\t\t\t\t<\/div>","protected":false},"excerpt":{"rendered":"<p>LA cath\u00e9draleSaint Gatien je d\u00e9couvre Cath\u00e9drale de Tours Plus de 10 si\u00e8cles d\u2019Histoire sont \u00e0 d\u00e9couvrir au c\u0153ur de cette cath\u00e9drale qui a mis plusieurs si\u00e8cles afin de voir sa construction enti\u00e8rement achev\u00e9e. Une cath\u00e9drale majestueuse avec une collection de vitraux qui se d\u00e9voilent \u00e0 chaque heure de la journ\u00e9e. \u00a0 La cath\u00e9drale de Tours [&hellip;]<\/p>\n","protected":false},"author":4,"featured_media":0,"parent":398,"menu_order":0,"comment_status":"closed","ping_status":"closed","template":"","meta":{"inline_featured_image":false,"footnotes":""},"class_list":["post-404","page","type-page","status-publish","hentry"],"_links":{"self":[{"href":"https:\/\/www.labe-hotel.com\/en\/wp-json\/wp\/v2\/pages\/404","targetHints":{"allow":["GET"]}}],"collection":[{"href":"https:\/\/www.labe-hotel.com\/en\/wp-json\/wp\/v2\/pages"}],"about":[{"href":"https:\/\/www.labe-hotel.com\/en\/wp-json\/wp\/v2\/types\/page"}],"author":[{"embeddable":true,"href":"https:\/\/www.labe-hotel.com\/en\/wp-json\/wp\/v2\/users\/4"}],"replies":[{"embeddable":true,"href":"https:\/\/www.labe-hotel.com\/en\/wp-json\/wp\/v2\/comments?post=404"}],"version-history":[{"count":43,"href":"https:\/\/www.labe-hotel.com\/en\/wp-json\/wp\/v2\/pages\/404\/revisions"}],"predecessor-version":[{"id":2162,"href":"https:\/\/www.labe-hotel.com\/en\/wp-json\/wp\/v2\/pages\/404\/revisions\/2162"}],"up":[{"embeddable":true,"href":"https:\/\/www.labe-hotel.com\/en\/wp-json\/wp\/v2\/pages\/398"}],"wp:attachment":[{"href":"https:\/\/www.labe-hotel.com\/en\/wp-json\/wp\/v2\/media?parent=404"}],"curies":[{"name":"wp","href":"https:\/\/api.w.org\/{rel}","templated":true}]}}