{"id":479,"date":"2023-07-05T16:31:15","date_gmt":"2023-07-05T14:31:15","guid":{"rendered":"https:\/\/www.labe-hotel.com\/?page_id=479"},"modified":"2024-03-21T08:29:16","modified_gmt":"2024-03-21T07:29:16","slug":"nos-shoebox-hotel-tours-centre","status":"publish","type":"page","link":"https:\/\/www.labe-hotel.com\/en\/chambres-hotel-tours\/nos-shoebox-hotel-tours-centre\/","title":{"rendered":"Our shoeboxes"},"content":{"rendered":"<div data-elementor-type=\"wp-page\" data-elementor-id=\"479\" class=\"elementor elementor-479\" data-elementor-post-type=\"page\">\n\t\t\t\t<div class=\"elementor-element elementor-element-f239aa3 e-con-full e-flex e-con e-parent\" data-id=\"f239aa3\" data-element_type=\"container\" data-e-type=\"container\">\n\t\t\t\t<div class=\"elementor-element elementor-element-74dbdde elementor--h-position-center elementor--v-position-middle elementor-widget elementor-widget-slides\" data-id=\"74dbdde\" data-element_type=\"widget\" data-e-type=\"widget\" data-settings=\"{&quot;navigation&quot;:&quot;none&quot;,&quot;autoplay&quot;:&quot;yes&quot;,&quot;pause_on_hover&quot;:&quot;yes&quot;,&quot;pause_on_interaction&quot;:&quot;yes&quot;,&quot;autoplay_speed&quot;:5000,&quot;infinite&quot;:&quot;yes&quot;,&quot;transition&quot;:&quot;slide&quot;,&quot;transition_speed&quot;:500}\" data-widget_type=\"slides.default\">\n\t\t\t\t<div class=\"elementor-widget-container\">\n\t\t\t\t\t\t\t\t\t<div class=\"elementor-swiper\">\n\t\t\t\t\t<div class=\"elementor-slides-wrapper elementor-main-swiper swiper\" role=\"region\" aria-roledescription=\"carousel\" aria-label=\"Slides\" dir=\"ltr\" data-animation=\"fadeInUp\">\n\t\t\t\t<div class=\"swiper-wrapper elementor-slides\">\n\t\t\t\t\t\t\t\t\t\t<div class=\"elementor-repeater-item-83e9f1a swiper-slide\" role=\"group\" aria-roledescription=\"slide\"><div class=\"swiper-slide-bg\" role=\"img\" aria-label=\"Shoebox\"><\/div><div class=\"elementor-background-overlay\"><\/div><div class=\"swiper-slide-inner\" ><div class=\"swiper-slide-contents\"><\/div><\/div><\/div><div class=\"elementor-repeater-item-54210b4 swiper-slide\" role=\"group\" aria-roledescription=\"slide\"><div class=\"swiper-slide-bg\" role=\"img\" aria-label=\"Shoebox (2)\"><\/div><div class=\"elementor-background-overlay\"><\/div><div class=\"swiper-slide-inner\" ><div class=\"swiper-slide-contents\"><\/div><\/div><\/div>\t\t\t\t<\/div>\n\t\t\t\t\t\t\t\t\t\t\t\t\t\t\t\t\t\t\t\t\t<\/div>\n\t\t\t\t<\/div>\n\t\t\t\t\t\t\t\t<\/div>\n\t\t\t\t<\/div>\n\t\t<div class=\"elementor-element elementor-element-8cbc751 e-flex e-con-boxed e-con e-parent\" data-id=\"8cbc751\" data-element_type=\"container\" data-e-type=\"container\" data-settings=\"{&quot;position&quot;:&quot;absolute&quot;}\">\n\t\t\t\t\t<div class=\"e-con-inner\">\n\t\t\t\t<div class=\"elementor-element elementor-element-253ef12 elementor-widget elementor-widget-heading\" data-id=\"253ef12\" data-element_type=\"widget\" data-e-type=\"widget\" data-widget_type=\"heading.default\">\n\t\t\t\t<div class=\"elementor-widget-container\">\n\t\t\t\t\t<h1 class=\"elementor-heading-title elementor-size-default\">Our<br \/>shoebox<\/h1>\t\t\t\t<\/div>\n\t\t\t\t<\/div>\n\t\t\t\t<div class=\"elementor-element elementor-element-06bf6ae elementor-widget-mobile__width-initial btn-maillage btn-fondrouge75 elementor-align-center elementor-widget__width-initial elementor-widget elementor-widget-button\" data-id=\"06bf6ae\" data-element_type=\"widget\" data-e-type=\"widget\" data-widget_type=\"button.default\">\n\t\t\t\t<div class=\"elementor-widget-container\">\n\t\t\t\t\t\t\t\t\t<div class=\"elementor-button-wrapper\">\n\t\t\t\t\t<a class=\"elementor-button elementor-button-link elementor-size-sm\" href=\"#ecran2\">\n\t\t\t\t\t\t<span class=\"elementor-button-content-wrapper\">\n\t\t\t\t\t\t\t\t\t<span class=\"elementor-button-text\">Discover more<\/span>\n\t\t\t\t\t<\/span>\n\t\t\t\t\t<\/a>\n\t\t\t\t<\/div>\n\t\t\t\t\t\t\t\t<\/div>\n\t\t\t\t<\/div>\n\t\t\t\t\t<\/div>\n\t\t\t\t<\/div>\n\t\t\t\t<\/div>\n\t\t<section class=\"elementor-element elementor-element-645b125 e-con-full e-flex e-con e-parent\" data-id=\"645b125\" data-element_type=\"container\" data-e-type=\"container\" id=\"ecran2\" data-settings=\"{&quot;background_background&quot;:&quot;classic&quot;}\">\n\t\t<article class=\"elementor-element elementor-element-bc796b2 e-flex e-con-boxed e-con e-parent\" data-id=\"bc796b2\" data-element_type=\"container\" data-e-type=\"container\" data-settings=\"{&quot;background_background&quot;:&quot;gradient&quot;}\">\n\t\t\t\t\t<div class=\"e-con-inner\">\n\t\t<div class=\"elementor-element elementor-element-3250a8e e-flex e-con-boxed e-con e-parent\" data-id=\"3250a8e\" data-element_type=\"container\" data-e-type=\"container\">\n\t\t\t\t\t<div class=\"e-con-inner\">\n\t\t\t\t<div class=\"elementor-element elementor-element-ce11162 elementor-widget__width-initial elementor-widget elementor-widget-heading\" data-id=\"ce11162\" data-element_type=\"widget\" data-e-type=\"widget\" data-widget_type=\"heading.default\">\n\t\t\t\t<div class=\"elementor-widget-container\">\n\t\t\t\t\t<h2 class=\"elementor-heading-title elementor-size-default\">concentrate<br \/>essential<br \/>and comfort<\/h2>\t\t\t\t<\/div>\n\t\t\t\t<\/div>\n\t\t\t\t<div class=\"elementor-element elementor-element-f6b8683 elementor-widget__width-initial elementor-widget elementor-widget-text-editor\" data-id=\"f6b8683\" data-element_type=\"widget\" data-e-type=\"widget\" data-widget_type=\"text-editor.default\">\n\t\t\t\t<div class=\"elementor-widget-container\">\n\t\t\t\t\t\t\t\t\t<p>Welcome to our unique shoebox concept, a concentrate of the LABE Hotel atmosphere.<\/p><p>\u00a0<\/p><p>A compact space in a well thought-out and optimised cubicle! With a surface area of 11 to 13 m\u00b2, they have been specially designed to meet the needs of solo adventurers or intrepid businessmen and women.<\/p><p>\u00a0<\/p><p>They are equipped with all the comforts you need, including Chromecast TV, high-speed WiFi, Nespresso machine and safe. The top-quality beds will take you by the hand and guide you straight into the arms of Morpheus for a restful sleep.<\/p>\t\t\t\t\t\t\t\t<\/div>\n\t\t\t\t<\/div>\n\t\t\t\t\t<\/div>\n\t\t\t\t<\/div>\n\t\t<article class=\"elementor-element elementor-element-6442d7e e-flex e-con-boxed e-con e-parent\" data-id=\"6442d7e\" data-element_type=\"container\" data-e-type=\"container\" data-settings=\"{&quot;background_background&quot;:&quot;classic&quot;}\">\n\t\t\t\t\t<div class=\"e-con-inner\">\n\t\t<div class=\"elementor-element elementor-element-e1d1421 e-con-full e-flex e-con e-parent\" data-id=\"e1d1421\" data-element_type=\"container\" data-e-type=\"container\">\n\t\t\t\t<div class=\"elementor-element elementor-element-9cffe63 elementor--h-position-center elementor--v-position-middle elementor-pagination-position-inside elementor-widget elementor-widget-slides\" data-id=\"9cffe63\" data-element_type=\"widget\" data-e-type=\"widget\" data-settings=\"{&quot;navigation&quot;:&quot;dots&quot;,&quot;autoplay_speed&quot;:2000,&quot;autoplay&quot;:&quot;yes&quot;,&quot;pause_on_hover&quot;:&quot;yes&quot;,&quot;pause_on_interaction&quot;:&quot;yes&quot;,&quot;infinite&quot;:&quot;yes&quot;,&quot;transition&quot;:&quot;slide&quot;,&quot;transition_speed&quot;:500}\" data-widget_type=\"slides.default\">\n\t\t\t\t<div class=\"elementor-widget-container\">\n\t\t\t\t\t\t\t\t\t<div class=\"elementor-swiper\">\n\t\t\t\t\t<div class=\"elementor-slides-wrapper elementor-main-swiper swiper\" role=\"region\" aria-roledescription=\"carousel\" aria-label=\"Slides\" dir=\"ltr\" data-animation=\"fadeInUp\">\n\t\t\t\t<div class=\"swiper-wrapper elementor-slides\">\n\t\t\t\t\t\t\t\t\t\t<div class=\"elementor-repeater-item-f1e3cbd swiper-slide\" role=\"group\" aria-roledescription=\"slide\"><div class=\"swiper-slide-bg\" role=\"img\" aria-label=\"Shoebox\"><\/div><div class=\"swiper-slide-inner\" ><div class=\"swiper-slide-contents\"><\/div><\/div><\/div><div class=\"elementor-repeater-item-06b140f swiper-slide\" role=\"group\" aria-roledescription=\"slide\"><div class=\"swiper-slide-bg\" role=\"img\" aria-label=\"Shoebox (2)\"><\/div><div class=\"swiper-slide-inner\" ><div class=\"swiper-slide-contents\"><\/div><\/div><\/div>\t\t\t\t<\/div>\n\t\t\t\t\t\t\t\t\t\t\t\t\t\t\t\t\t\t\t\t<div class=\"swiper-pagination\"><\/div>\n\t\t\t\t\t\t\t\t\t\t\t\t<\/div>\n\t\t\t\t<\/div>\n\t\t\t\t\t\t\t\t<\/div>\n\t\t\t\t<\/div>\n\t\t\t\t<\/div>\n\t\t<div class=\"elementor-element elementor-element-243406b e-con-full e-flex e-con e-parent\" data-id=\"243406b\" data-element_type=\"container\" data-e-type=\"container\" data-settings=\"{&quot;background_background&quot;:&quot;classic&quot;}\">\n\t\t\t\t<div class=\"elementor-element elementor-element-ad2b2a2 elementor-widget elementor-widget-heading\" data-id=\"ad2b2a2\" data-element_type=\"widget\" data-e-type=\"widget\" data-widget_type=\"heading.default\">\n\t\t\t\t<div class=\"elementor-widget-container\">\n\t\t\t\t\t<h3 class=\"elementor-heading-title elementor-size-default\">Our shoeboxes<\/h3>\t\t\t\t<\/div>\n\t\t\t\t<\/div>\n\t\t\t\t<div class=\"elementor-element elementor-element-df6838d elementor-icon-list--layout-inline elementor-widget elementor-widget-room-details\" data-id=\"df6838d\" data-element_type=\"widget\" data-e-type=\"widget\" data-settings=\"{&quot;current_room&quot;:&quot;1178&quot;}\" data-widget_type=\"room-details.default\">\n\t\t\t\t<div class=\"elementor-widget-container\">\n\t\t\t\t\t        <ul class=\"eliophot-room__options elementor-icon-list-items elementor-inline-items\">\n\n                        <li class=\"eliophot-room__option elementor-icon-list-item  elementor-inline-item\">\n                <span class=\"elementor-icon-list-icon\">\n                    <svg xmlns=\"http:\/\/www.w3.org\/2000\/svg\" xmlns:xlink=\"http:\/\/www.w3.org\/1999\/xlink\" aria-hidden=\"true\" role=\"img\" width=\"1em\" height=\"1em\" preserveaspectratio=\"xMidYMid meet\" viewbox=\"0 0 16 16\"><g fill=\"none\"><path d=\"M8.496 8a1.5 1.5 0 0 1 1.5 1.5l-.001.748c.103 1.837-1.312 2.753-3.935 2.753C3.446 13 2 12.097 2 10.275V9.5A1.5 1.5 0 0 1 3.5 8h4.996zm4 0a1.5 1.5 0 0 1 1.5 1.5v.527c.09 1.647-1.16 2.473-3.444 2.473c-.31 0-.602-.015-.874-.045c.536-.496.823-1.168.822-2.018l-.006-.217l.002-.72c0-.598-.262-1.134-.678-1.5h2.678zM6 2a2.5 2.5 0 1 1 0 5a2.5 2.5 0 0 1 0-5zm5 1a2 2 0 1 1 0 4a2 2 0 0 1 0-4z\" fill=\"currentColor\"\/><\/g><\/svg>\n                <\/span>\n                <span class=\"eliophot-room__option-text elementor-icon-list-text\">1 person<\/span>\n            <\/li>\n            \n                        <li class=\"eliophot-room__option elementor-icon-list-item elementor-inline-item\">\n                <span class=\"elementor-icon-list-icon\">\n                    <svg xmlns=\"http:\/\/www.w3.org\/2000\/svg\" xmlns:xlink=\"http:\/\/www.w3.org\/1999\/xlink\" aria-hidden=\"true\" role=\"img\" width=\"1em\" height=\"1em\" preserveaspectratio=\"xMidYMid meet\" viewbox=\"0 0 24 24\"><g fill=\"none\"><path d=\"M7 5a2 2 0 1 1-4 0a2 2 0 0 1 4 0z\" fill=\"currentColor\"\/><path d=\"M8 5a1 1 0 0 0 1 1h6a1 1 0 1 0 0-2H9a1 1 0 0 0-1 1z\" fill=\"currentColor\"\/><path d=\"M5 8a1 1 0 0 0-1 1v6a1 1 0 1 0 2 0V9a1 1 0 0 0-1-1z\" fill=\"currentColor\"\/><path d=\"M19 8a1 1 0 0 0-1 1v6a1 1 0 1 0 2 0V9a1 1 0 0 0-1-1z\" fill=\"currentColor\"\/><path d=\"M9 20a1 1 0 1 1 0-2h6a1 1 0 1 1 0 2H9z\" fill=\"currentColor\"\/><path d=\"M5 21a2 2 0 1 0 0-4a2 2 0 0 0 0 4z\" fill=\"currentColor\"\/><path d=\"M21 5a2 2 0 1 1-4 0a2 2 0 0 1 4 0z\" fill=\"currentColor\"\/><path d=\"M19 21a2 2 0 1 0 0-4a2 2 0 0 0 0 4z\" fill=\"currentColor\"\/><\/g><\/svg>\n                <\/span>\n                <span class=\"eliophot-room__option-text elementor-icon-list-text\">11-13 m\u00b2<\/span>\n            <\/li>\n            \n            \n                        <li class=\"eliophot-room__option elementor-icon-list-item elementor-inline-item\">\n                <span class=\"elementor-icon-list-icon\">\n                    <svg xmlns=\"http:\/\/www.w3.org\/2000\/svg\" xmlns:xlink=\"http:\/\/www.w3.org\/1999\/xlink\" aria-hidden=\"true\" role=\"img\" width=\"1em\" height=\"1em\" preserveaspectratio=\"xMidYMid meet\" viewbox=\"0 0 24 24\"><g fill=\"none\"><path d=\"M19.25 11a2.75 2.75 0 0 1 2.745 2.582l.005.168v6.5a.75.75 0 0 1-1.493.102l-.007-.102V18h-17v2.25a.75.75 0 0 1-.648.743L2.75 21a.75.75 0 0 1-.743-.648L2 20.25v-6.5a2.75 2.75 0 0 1 2.582-2.745L4.75 11h14.5zM6.75 4h10.5a2.75 2.75 0 0 1 2.745 2.582L20 6.75V10h-3l-.007-.117a1 1 0 0 0-.876-.876L16 9h-2a1 1 0 0 0-.993.883L13 10h-2l-.007-.117a1 1 0 0 0-.876-.876L10 9H8a1 1 0 0 0-.993.883L7 10H4V6.75a2.75 2.75 0 0 1 2.582-2.745L6.75 4z\" fill=\"currentColor\"\/><\/g><\/svg>\n                <\/span>\n                <span class=\"eliophot-room__option-text elementor-icon-list-text\">140x200cm bed<\/span>\n            <\/li>\n            \n            \n            \n        <\/ul>\n    \t\t\t\t<\/div>\n\t\t\t\t<\/div>\n\t\t\t\t<div class=\"elementor-element elementor-element-e2bac8d elementor-widget-divider--view-line elementor-widget elementor-widget-divider\" data-id=\"e2bac8d\" data-element_type=\"widget\" data-e-type=\"widget\" data-widget_type=\"divider.default\">\n\t\t\t\t<div class=\"elementor-widget-container\">\n\t\t\t\t\t\t\t<div class=\"elementor-divider\">\n\t\t\t<span class=\"elementor-divider-separator\">\n\t\t\t\t\t\t<\/span>\n\t\t<\/div>\n\t\t\t\t\t\t<\/div>\n\t\t\t\t<\/div>\n\t\t\t\t<div class=\"elementor-element elementor-element-ca92290 elementor-widget__width-initial elementor-widget elementor-widget-text-editor\" data-id=\"ca92290\" data-element_type=\"widget\" data-e-type=\"widget\" data-widget_type=\"text-editor.default\">\n\t\t\t\t<div class=\"elementor-widget-container\">\n\t\t\t\t\t\t\t\t\t<p>Our shoeboxes are unique and conceptual. Each shoebox measures between 11 and 13 m\u00b2 and has its own atmosphere for a unique and enjoyable experience. They are perfect for short stays and solo trips.<\/p>\t\t\t\t\t\t\t\t<\/div>\n\t\t\t\t<\/div>\n\t\t\t\t<div class=\"elementor-element elementor-element-687609f elementor-shape-square elementor-grid-6 elementor-grid-tablet-5 elementor-grid-mobile-5 elementor-view-framed elementor-position-top elementor-vertical-align-top elementor-widget elementor-widget-room-details\" data-id=\"687609f\" data-element_type=\"widget\" data-e-type=\"widget\" data-settings=\"{&quot;current_room&quot;:&quot;1178&quot;,&quot;features_cards_columns&quot;:&quot;6&quot;,&quot;features_cards_columns_tablet&quot;:&quot;5&quot;,&quot;features_cards_columns_mobile&quot;:&quot;5&quot;,&quot;features_row_gap&quot;:{&quot;unit&quot;:&quot;px&quot;,&quot;size&quot;:0,&quot;sizes&quot;:[]}}\" data-widget_type=\"room-details.default\">\n\t\t\t\t<div class=\"elementor-widget-container\">\n\t\t\t\t\t        <div class=\"eliophot-room-services elementor-grid\">\n\n                                <div class=\"elementor-icon-box-wrapper\">\n                        <div class=\"elementor-icon-box-icon\">\n                            <span class=\"elementor-icon\">\n                                <i class=\"eliofont eliofont-coffee-machine\" title=\"Nespresso coffee machine\"><\/i>\n                            <\/span>\n                        <\/div>\n                        <div class=\"elementor-icon-box-content\">\n                            <h3 class=\"elementor-icon-box-title\">\n                                Nespresso coffee machine                            <\/h3>\n                                                    <\/div>\n                    <\/div>\n                                        <div class=\"elementor-icon-box-wrapper\">\n                        <div class=\"elementor-icon-box-icon\">\n                            <span class=\"elementor-icon\">\n                                <i class=\"eliofont eliofont-flat-screen\" title=\"Chromecast TV\"><\/i>\n                            <\/span>\n                        <\/div>\n                        <div class=\"elementor-icon-box-content\">\n                            <h3 class=\"elementor-icon-box-title\">\n                                Chromecast TV                            <\/h3>\n                                                    <\/div>\n                    <\/div>\n                                        <div class=\"elementor-icon-box-wrapper\">\n                        <div class=\"elementor-icon-box-icon\">\n                            <span class=\"elementor-icon\">\n                                <i class=\"eliofont eliofont-safe\" title=\"Safe\"><\/i>\n                            <\/span>\n                        <\/div>\n                        <div class=\"elementor-icon-box-content\">\n                            <h3 class=\"elementor-icon-box-title\">\n                                Safe                            <\/h3>\n                                                    <\/div>\n                    <\/div>\n                                        <div class=\"elementor-icon-box-wrapper\">\n                        <div class=\"elementor-icon-box-icon\">\n                            <span class=\"elementor-icon\">\n                                <i class=\"eliofont eliofont-shower\" title=\"Shower\"><\/i>\n                            <\/span>\n                        <\/div>\n                        <div class=\"elementor-icon-box-content\">\n                            <h3 class=\"elementor-icon-box-title\">\n                                Shower                            <\/h3>\n                                                    <\/div>\n                    <\/div>\n                                        <div class=\"elementor-icon-box-wrapper\">\n                        <div class=\"elementor-icon-box-icon\">\n                            <span class=\"elementor-icon\">\n                                <i class=\"eliofont eliofont-wifi\" title=\"High-speed WiFi\"><\/i>\n                            <\/span>\n                        <\/div>\n                        <div class=\"elementor-icon-box-content\">\n                            <h3 class=\"elementor-icon-box-title\">\n                                High-speed WiFi                            <\/h3>\n                                                    <\/div>\n                    <\/div>\n                                        <div class=\"elementor-icon-box-wrapper\">\n                        <div class=\"elementor-icon-box-icon\">\n                            <span class=\"elementor-icon\">\n                                <i class=\"eliofont eliofont-air-conditioning\" title=\"Air conditioning\"><\/i>\n                            <\/span>\n                        <\/div>\n                        <div class=\"elementor-icon-box-content\">\n                            <h3 class=\"elementor-icon-box-title\">\n                                Air conditioning                            <\/h3>\n                                                    <\/div>\n                    <\/div>\n                            <\/div>\n        \t\t\t\t<\/div>\n\t\t\t\t<\/div>\n\t\t\t\t<div class=\"elementor-element elementor-element-415c02d elementor-widget-mobile__width-initial btn-maillage btn-fondrouge75 elementor-widget elementor-widget-button\" data-id=\"415c02d\" data-element_type=\"widget\" data-e-type=\"widget\" data-widget_type=\"button.default\">\n\t\t\t\t<div class=\"elementor-widget-container\">\n\t\t\t\t\t\t\t\t\t<div class=\"elementor-button-wrapper\">\n\t\t\t\t\t<a class=\"elementor-button elementor-button-link elementor-size-sm\" href=\"https:\/\/www.secure-hotel-booking.com\/LABE-Hotel\/J1HI\/en-US?hotelId=26646\" rel=\"nofollow noopener\" target=\"_blank\">\n\t\t\t\t\t\t<span class=\"elementor-button-content-wrapper\">\n\t\t\t\t\t\t\t\t\t<span class=\"elementor-button-text\">I book<\/span>\n\t\t\t\t\t<\/span>\n\t\t\t\t\t<\/a>\n\t\t\t\t<\/div>\n\t\t\t\t\t\t\t\t<\/div>\n\t\t\t\t<\/div>\n\t\t\t\t<\/div>\n\t\t\t\t\t<\/div>\n\t\t\t\t<\/article>\n\t\t\t\t\t<\/div>\n\t\t\t\t<\/article>\n\t\t\t\t<\/section>\n\t\t<section class=\"elementor-element elementor-element-30009a6 section-maillage e-flex e-con-boxed e-con e-parent\" data-id=\"30009a6\" data-element_type=\"container\" data-e-type=\"container\" data-settings=\"{&quot;background_background&quot;:&quot;classic&quot;}\">\n\t\t\t\t\t<div class=\"e-con-inner\">\n\t\t\t\t<div class=\"elementor-element elementor-element-eae48f2 elementor-widget elementor-widget-heading\" data-id=\"eae48f2\" data-element_type=\"widget\" data-e-type=\"widget\" data-widget_type=\"heading.default\">\n\t\t\t\t<div class=\"elementor-widget-container\">\n\t\t\t\t\t<h2 class=\"elementor-heading-title elementor-size-default\">Find out more<\/h2>\t\t\t\t<\/div>\n\t\t\t\t<\/div>\n\t\t<div class=\"elementor-element elementor-element-678d94d e-flex e-con-boxed e-con e-parent\" data-id=\"678d94d\" data-element_type=\"container\" data-e-type=\"container\">\n\t\t\t\t\t<div class=\"e-con-inner\">\n\t\t<div class=\"elementor-element elementor-element-e928b59 e-con-full col-maillage col-hover-4 e-flex e-con e-parent\" data-id=\"e928b59\" data-element_type=\"container\" data-e-type=\"container\" data-settings=\"{&quot;background_background&quot;:&quot;classic&quot;}\">\n\t\t\t\t<div class=\"elementor-element elementor-element-3cdaa16 title-maillage elementor-widget elementor-widget-heading\" data-id=\"3cdaa16\" data-element_type=\"widget\" data-e-type=\"widget\" data-widget_type=\"heading.default\">\n\t\t\t\t<div class=\"elementor-widget-container\">\n\t\t\t\t\t<h3 class=\"elementor-heading-title elementor-size-default\">OUR rooms<\/h3>\t\t\t\t<\/div>\n\t\t\t\t<\/div>\n\t\t\t\t<div class=\"elementor-element elementor-element-4e7ec93 elementor-widget-mobile__width-initial btn-maillage elementor-align-center elementor-widget__width-initial elementor-widget elementor-widget-button\" data-id=\"4e7ec93\" data-element_type=\"widget\" data-e-type=\"widget\" data-widget_type=\"button.default\">\n\t\t\t\t<div class=\"elementor-widget-container\">\n\t\t\t\t\t\t\t\t\t<div class=\"elementor-button-wrapper\">\n\t\t\t\t\t<a class=\"elementor-button elementor-button-link elementor-size-sm\" href=\"https:\/\/www.labe-hotel.com\/en\/chambres-hotel-tours\/nos-chambres-hotel-gare-de-tours\/\">\n\t\t\t\t\t\t<span class=\"elementor-button-content-wrapper\">\n\t\t\t\t\t\t\t\t\t<span class=\"elementor-button-text\">Discover more<\/span>\n\t\t\t\t\t<\/span>\n\t\t\t\t\t<\/a>\n\t\t\t\t<\/div>\n\t\t\t\t\t\t\t\t<\/div>\n\t\t\t\t<\/div>\n\t\t\t\t<\/div>\n\t\t<div class=\"elementor-element elementor-element-3a5321c e-con-full col-maillage col-hover-4 e-flex e-con e-parent\" data-id=\"3a5321c\" data-element_type=\"container\" data-e-type=\"container\" data-settings=\"{&quot;background_background&quot;:&quot;classic&quot;}\">\n\t\t\t\t<div class=\"elementor-element elementor-element-40eb952 title-maillage elementor-widget elementor-widget-heading\" data-id=\"40eb952\" data-element_type=\"widget\" data-e-type=\"widget\" data-widget_type=\"heading.default\">\n\t\t\t\t<div class=\"elementor-widget-container\">\n\t\t\t\t\t<h3 class=\"elementor-heading-title elementor-size-default\">Our suites<\/h3>\t\t\t\t<\/div>\n\t\t\t\t<\/div>\n\t\t\t\t<div class=\"elementor-element elementor-element-633c9a3 elementor-widget-mobile__width-initial btn-maillage elementor-align-center elementor-widget__width-initial elementor-widget elementor-widget-button\" data-id=\"633c9a3\" data-element_type=\"widget\" data-e-type=\"widget\" data-widget_type=\"button.default\">\n\t\t\t\t<div class=\"elementor-widget-container\">\n\t\t\t\t\t\t\t\t\t<div class=\"elementor-button-wrapper\">\n\t\t\t\t\t<a class=\"elementor-button elementor-button-link elementor-size-sm\" href=\"https:\/\/www.labe-hotel.com\/en\/chambres-hotel-tours\/nos-suites-hotel-romantique-tours\/\">\n\t\t\t\t\t\t<span class=\"elementor-button-content-wrapper\">\n\t\t\t\t\t\t\t\t\t<span class=\"elementor-button-text\">Discover more<\/span>\n\t\t\t\t\t<\/span>\n\t\t\t\t\t<\/a>\n\t\t\t\t<\/div>\n\t\t\t\t\t\t\t\t<\/div>\n\t\t\t\t<\/div>\n\t\t\t\t<\/div>\n\t\t\t\t\t<\/div>\n\t\t\t\t<\/div>\n\t\t\t\t\t<\/div>\n\t\t\t\t<\/section>\n\t\t\t\t<\/div>","protected":false},"excerpt":{"rendered":"<p>Nosshoebox je d\u00e9couvre concentr\u00e9d&rsquo;essentielet de confort Bienvenue dans notre concept unique de shoebox, un concentr\u00e9 de l&rsquo;ambiance LABE H\u00f4tel. \u00a0 Un espace compact dans une box, bien pens\u00e9e et optimis\u00e9e ! Avec une superficie de 11 \u00e0 13 m\u00b2, elles ont \u00e9t\u00e9 con\u00e7ues sp\u00e9cialement pour r\u00e9pondre aux attentes des aventuriers en solo ou les femmes [&hellip;]<\/p>\n","protected":false},"author":4,"featured_media":0,"parent":394,"menu_order":0,"comment_status":"closed","ping_status":"closed","template":"","meta":{"inline_featured_image":false,"footnotes":""},"class_list":["post-479","page","type-page","status-publish","hentry"],"_links":{"self":[{"href":"https:\/\/www.labe-hotel.com\/en\/wp-json\/wp\/v2\/pages\/479","targetHints":{"allow":["GET"]}}],"collection":[{"href":"https:\/\/www.labe-hotel.com\/en\/wp-json\/wp\/v2\/pages"}],"about":[{"href":"https:\/\/www.labe-hotel.com\/en\/wp-json\/wp\/v2\/types\/page"}],"author":[{"embeddable":true,"href":"https:\/\/www.labe-hotel.com\/en\/wp-json\/wp\/v2\/users\/4"}],"replies":[{"embeddable":true,"href":"https:\/\/www.labe-hotel.com\/en\/wp-json\/wp\/v2\/comments?post=479"}],"version-history":[{"count":151,"href":"https:\/\/www.labe-hotel.com\/en\/wp-json\/wp\/v2\/pages\/479\/revisions"}],"predecessor-version":[{"id":3141,"href":"https:\/\/www.labe-hotel.com\/en\/wp-json\/wp\/v2\/pages\/479\/revisions\/3141"}],"up":[{"embeddable":true,"href":"https:\/\/www.labe-hotel.com\/en\/wp-json\/wp\/v2\/pages\/394"}],"wp:attachment":[{"href":"https:\/\/www.labe-hotel.com\/en\/wp-json\/wp\/v2\/media?parent=479"}],"curies":[{"name":"wp","href":"https:\/\/api.w.org\/{rel}","templated":true}]}}